{"id":14354,"date":"2023-08-29T08:09:16","date_gmt":"2023-08-29T08:09:16","guid":{"rendered":"https:\/\/earnest.xenrion.net\/avis-des-clients\/"},"modified":"2025-04-15T07:28:13","modified_gmt":"2025-04-15T07:28:13","slug":"avis-des-clients","status":"publish","type":"page","link":"https:\/\/earnest.xenrion.net\/fr\/avis-des-clients\/","title":{"rendered":"Avis des clients"},"content":{"rendered":"<style>.elementor-14354 .elementor-element.elementor-element-e805550{margin-top:40px;margin-bottom:40px;}.elementor-14354 .elementor-element.elementor-element-465df97.elementor-column > .elementor-widget-wrap{justify-content:center;}.elementor-14354 .elementor-element.elementor-element-465df97 > .elementor-widget-wrap > .elementor-widget:not(.elementor-widget__width-auto):not(.elementor-widget__width-initial):not(:last-child):not(.elementor-absolute){--kit-widget-spacing:20px;}.elementor-14354 .elementor-element.elementor-element-4267220{text-align:center;}.elementor-14354 .elementor-element.elementor-element-b9c8086{text-align:center;width:var( --container-widget-width, 64% );max-width:64%;--container-widget-width:64%;--container-widget-flex-grow:0;}.elementor-14354 .elementor-element.elementor-element-defdf25{margin-top:20px;margin-bottom:20px;}.elementor-14354 .elementor-element.elementor-element-71c3682 > .elementor-element-populated{border-style:solid;border-width:2px 2px 2px 2px;border-color:var( --e-global-color-primary );margin:5px 5px 5px 5px;--e-column-margin-right:5px;--e-column-margin-left:5px;}.elementor-14354 .elementor-element.elementor-element-2279ee2 > .elementor-element-populated{border-style:solid;border-width:2px 2px 2px 2px;border-color:var( --e-global-color-64a8d13 );margin:5px 5px 5px 5px;--e-column-margin-right:5px;--e-column-margin-left:5px;}.elementor-14354 .elementor-element.elementor-element-a3f04a2 > .elementor-element-populated{border-style:solid;border-width:2px 2px 2px 2px;border-color:var( --e-global-color-aa57f99 );margin:5px 5px 5px 5px;--e-column-margin-right:5px;--e-column-margin-left:5px;}.elementor-14354 .elementor-element.elementor-element-4db840b{margin-top:0px;margin-bottom:20px;}.elementor-14354 .elementor-element.elementor-element-5cf4093 > .elementor-element-populated{border-style:solid;border-width:2px 2px 2px 2px;border-color:var( --e-global-color-aa57f99 );box-shadow:0px 0px 10px 0px rgba(0,0,0,0.5);margin:5px 5px 5px 5px;--e-column-margin-right:5px;--e-column-margin-left:5px;}.elementor-14354 .elementor-element.elementor-element-ef619a0 > .elementor-element-populated{border-style:solid;border-width:2px 2px 2px 2px;border-color:var( --e-global-color-64a8d13 );box-shadow:0px 0px 10px 0px rgba(0,0,0,0.5);margin:5px 5px 5px 5px;--e-column-margin-right:5px;--e-column-margin-left:5px;}.elementor-14354 .elementor-element.elementor-element-8ad0ba2 > .elementor-element-populated{border-style:solid;border-width:2px 2px 2px 2px;border-color:var( --e-global-color-primary );box-shadow:0px 0px 10px 0px rgba(0,0,0,0.5);margin:5px 5px 5px 5px;--e-column-margin-right:5px;--e-column-margin-left:5px;}.elementor-14354 .elementor-element.elementor-element-9e5b511{margin-top:0px;margin-bottom:20px;}.elementor-14354 .elementor-element.elementor-element-dc50ad1 > .elementor-element-populated{border-style:solid;border-width:2px 2px 2px 2px;border-color:var( --e-global-color-6cfb05d );margin:5px 5px 5px 5px;--e-column-margin-right:5px;--e-column-margin-left:5px;}.elementor-14354 .elementor-element.elementor-element-ff82adf > .elementor-element-populated{border-style:solid;border-width:2px 2px 2px 2px;border-color:var( --e-global-color-64a8d13 );margin:5px 5px 5px 5px;--e-column-margin-right:5px;--e-column-margin-left:5px;}.elementor-14354 .elementor-element.elementor-element-9155edc > .elementor-element-populated{border-style:solid;border-width:2px 2px 2px 2px;border-color:var( --e-global-color-aa57f99 );margin:5px 5px 5px 5px;--e-column-margin-right:5px;--e-column-margin-left:5px;}.elementor-14354 .elementor-element.elementor-element-caa9795{margin-top:0px;margin-bottom:20px;}.elementor-14354 .elementor-element.elementor-element-5e8f47e > .elementor-element-populated{border-style:solid;border-width:2px 2px 2px 2px;border-color:var( --e-global-color-aa57f99 );margin:5px 5px 5px 5px;--e-column-margin-right:5px;--e-column-margin-left:5px;}.elementor-14354 .elementor-element.elementor-element-fb68848 > .elementor-element-populated{border-style:solid;border-width:2px 2px 2px 2px;border-color:var( --e-global-color-64a8d13 );margin:5px 5px 5px 5px;--e-column-margin-right:5px;--e-column-margin-left:5px;}.elementor-14354 .elementor-element.elementor-element-5fe419d > .elementor-element-populated{border-style:solid;border-width:2px 2px 2px 2px;border-color:var( --e-global-color-primary );margin:5px 5px 5px 5px;--e-column-margin-right:5px;--e-column-margin-left:5px;}.elementor-14354 .elementor-element.elementor-element-3e9c219{margin-top:0px;margin-bottom:20px;}.elementor-14354 .elementor-element.elementor-element-9831b15 > .elementor-element-populated{border-style:solid;border-width:2px 2px 2px 2px;border-color:var( --e-global-color-accent );margin:5px 5px 5px 5px;--e-column-margin-right:5px;--e-column-margin-left:5px;}.elementor-14354 .elementor-element.elementor-element-17d3fa0 > .elementor-element-populated{border-style:solid;border-width:2px 2px 2px 2px;border-color:var( --e-global-color-primary );margin:5px 5px 5px 5px;--e-column-margin-right:5px;--e-column-margin-left:5px;}.elementor-14354 .elementor-element.elementor-element-9a745fb > .elementor-element-populated{border-style:solid;border-width:2px 2px 2px 2px;border-color:var( --e-global-color-accent );margin:5px 5px 5px 5px;--e-column-margin-right:5px;--e-column-margin-left:5px;}.breadcrumb-wrap .breadcrumb-overlay, .elementor-page-14354 .breadcrumb-wrap .breadcrumb-overlay{opacity:0.5;}@media(max-width:767px){.elementor-14354 .elementor-element.elementor-element-b9c8086{--container-widget-width:302px;--container-widget-flex-grow:0;width:var( --container-widget-width, 302px );max-width:302px;}.elementor-14354 .elementor-element.elementor-element-defdf25{margin-top:0px;margin-bottom:0px;}.elementor-14354 .elementor-element.elementor-element-4db840b{margin-top:0px;margin-bottom:0px;padding:0px 0px 0px 0px;}.elementor-14354 .elementor-element.elementor-element-9e5b511{margin-top:0px;margin-bottom:0px;}.elementor-14354 .elementor-element.elementor-element-caa9795{margin-top:0px;margin-bottom:0px;}.elementor-14354 .elementor-element.elementor-element-3e9c219{margin-top:0px;margin-bottom:0px;}}<\/style>\t\t<div data-elementor-type=\"wp-page\" data-elementor-id=\"14354\" class=\"elementor elementor-14354 elementor-2608\" data-elementor-post-type=\"page\">\n\t\t\t\t\t\t<section class=\"elementor-section elementor-top-section elementor-element elementor-element-e805550 elementor-section-boxed elementor-section-height-default elementor-section-height-default\" data-id=\"e805550\" data-element_type=\"section\" data-e-type=\"section\">\n\t\t\t\t\t\t<div class=\"elementor-container elementor-column-gap-default\">\n\t\t\t\t\t<div class=\"elementor-column elementor-col-100 elementor-top-column elementor-element elementor-element-465df97\" data-id=\"465df97\" data-element_type=\"column\" data-e-type=\"column\">\n\t\t\t<div class=\"elementor-widget-wrap elementor-element-populated\">\n\t\t\t\t\t\t<div class=\"elementor-element elementor-element-4267220 elementor-widget elementor-widget-heading\" data-id=\"4267220\" data-element_type=\"widget\" data-e-type=\"widget\" data-widget_type=\"heading.default\">\n\t\t\t\t\t<h2 class=\"elementor-heading-title elementor-size-default\">Histoires vraies de r\u00e9ussite avec Earnest Immigration<\/h2>\t\t\t\t<\/div>\n\t\t\t\t<div class=\"elementor-element elementor-element-b9c8086 elementor-widget__width-initial elementor-widget elementor-widget-text-editor\" data-id=\"b9c8086\" data-element_type=\"widget\" data-e-type=\"widget\" data-widget_type=\"text-editor.default\">\n\t\t\t\t\t\t\t\t\t<p>Chez Earnest Immigration, notre mission est de faire du r\u00eave de vivre au Canada une r\u00e9alit\u00e9. Mais ne vous contentez pas de nous croire sur parole. \u00c9coutez directement nos pr\u00e9cieux clients parler de leur exp\u00e9rience de travail avec nous.  <\/p>\t\t\t\t\t\t\t\t<\/div>\n\t\t\t\t<section class=\"elementor-section elementor-inner-section elementor-element elementor-element-defdf25 elementor-section-boxed elementor-section-height-default elementor-section-height-default\" data-id=\"defdf25\" data-element_type=\"section\" data-e-type=\"section\">\n\t\t\t\t\t\t<div class=\"elementor-container elementor-column-gap-default\">\n\t\t\t\t\t<div class=\"elementor-column elementor-col-33 elementor-inner-column elementor-element elementor-element-71c3682\" data-id=\"71c3682\" data-element_type=\"column\" data-e-type=\"column\">\n\t\t\t<div class=\"elementor-widget-wrap elementor-element-populated\">\n\t\t\t\t\t\t<div class=\"elementor-element elementor-element-74f1afa elementor-widget elementor-widget-html\" data-id=\"74f1afa\" data-element_type=\"widget\" data-e-type=\"widget\" data-widget_type=\"html.default\">\n\t\t\t\t\t<div style=\"position:relative;padding-top:56.25%;\"><iframe src=\"https:\/\/iframe.mediadelivery.net\/embed\/151233\/0ff7efc2-951f-4b3b-8684-dc238152380c?autoplay=false&amp;loop=false&amp;muted=false&amp;preload=true\" loading=\"lazy\" style=\"border:0;position:absolute;top:0;height:100%;width:100%;\" allow=\"accelerometer;gyroscope;autoplay;encrypted-media;picture-in-picture;\" allowfullscreen=\"true\"><\/iframe><\/div>\t\t\t\t<\/div>\n\t\t\t\t\t<\/div>\n\t\t<\/div>\n\t\t\t\t<div class=\"elementor-column elementor-col-33 elementor-inner-column elementor-element elementor-element-2279ee2\" data-id=\"2279ee2\" data-element_type=\"column\" data-e-type=\"column\">\n\t\t\t<div class=\"elementor-widget-wrap elementor-element-populated\">\n\t\t\t\t\t\t<div class=\"elementor-element elementor-element-2863120 elementor-widget elementor-widget-html\" data-id=\"2863120\" data-element_type=\"widget\" data-e-type=\"widget\" data-widget_type=\"html.default\">\n\t\t\t\t\t<div style=\"position:relative;padding-top:56.25%;\"><iframe src=\"https:\/\/iframe.mediadelivery.net\/embed\/151233\/fa2ae003-046a-4743-a07a-d095cad47f8c?autoplay=false&amp;loop=false&amp;muted=false&amp;preload=true\" loading=\"lazy\" style=\"border:none;position:absolute;top:0;height:100%;width:100%;\" allow=\"accelerometer;gyroscope;autoplay;encrypted-media;picture-in-picture;\" allowfullscreen=\"true\"><\/iframe><\/div>\t\t\t\t<\/div>\n\t\t\t\t\t<\/div>\n\t\t<\/div>\n\t\t\t\t<div class=\"elementor-column elementor-col-33 elementor-inner-column elementor-element elementor-element-a3f04a2\" data-id=\"a3f04a2\" data-element_type=\"column\" data-e-type=\"column\">\n\t\t\t<div class=\"elementor-widget-wrap elementor-element-populated\">\n\t\t\t\t\t\t<div class=\"elementor-element elementor-element-449fff7 elementor-widget elementor-widget-html\" data-id=\"449fff7\" data-element_type=\"widget\" data-e-type=\"widget\" data-widget_type=\"html.default\">\n\t\t\t\t\t<div style=\"position:relative;padding-top:56.25%;\"><iframe src=\"https:\/\/iframe.mediadelivery.net\/embed\/151233\/0020b3ce-944a-47f6-99f9-4c7b888d0e71?autoplay=false&amp;loop=false&amp;muted=false&amp;preload=true\" loading=\"lazy\" style=\"border:none;position:absolute;top:0;height:100%;width:100%;\" allow=\"accelerometer;gyroscope;autoplay;encrypted-media;picture-in-picture;\" allowfullscreen=\"true\"><\/iframe><\/div>\t\t\t\t<\/div>\n\t\t\t\t\t<\/div>\n\t\t<\/div>\n\t\t\t\t\t<\/div>\n\t\t<\/section>\n\t\t\t\t<section class=\"elementor-section elementor-inner-section elementor-element elementor-element-4db840b elementor-section-boxed elementor-section-height-default elementor-section-height-default\" data-id=\"4db840b\" data-element_type=\"section\" data-e-type=\"section\">\n\t\t\t\t\t\t<div class=\"elementor-container elementor-column-gap-default\">\n\t\t\t\t\t<div class=\"elementor-column elementor-col-33 elementor-inner-column elementor-element elementor-element-5cf4093\" data-id=\"5cf4093\" data-element_type=\"column\" data-e-type=\"column\">\n\t\t\t<div class=\"elementor-widget-wrap elementor-element-populated\">\n\t\t\t\t\t\t<div class=\"elementor-element elementor-element-77b9890 elementor-widget elementor-widget-html\" data-id=\"77b9890\" data-element_type=\"widget\" data-e-type=\"widget\" data-widget_type=\"html.default\">\n\t\t\t\t\t<div style=\"position:relative;padding-top:56.25%;\"><iframe src=\"https:\/\/iframe.mediadelivery.net\/embed\/151233\/fb86e504-a0e4-4915-9c38-f680ebe9469c?autoplay=false&amp;loop=false&amp;muted=false&amp;preload=true\" loading=\"lazy\" style=\"border:none;position:absolute;top:0;height:100%;width:100%;\" allow=\"accelerometer;gyroscope;autoplay;encrypted-media;picture-in-picture;\" allowfullscreen=\"true\"><\/iframe><\/div>\t\t\t\t<\/div>\n\t\t\t\t\t<\/div>\n\t\t<\/div>\n\t\t\t\t<div class=\"elementor-column elementor-col-33 elementor-inner-column elementor-element elementor-element-ef619a0\" data-id=\"ef619a0\" data-element_type=\"column\" data-e-type=\"column\">\n\t\t\t<div class=\"elementor-widget-wrap elementor-element-populated\">\n\t\t\t\t\t\t<div class=\"elementor-element elementor-element-0f4b64f elementor-widget elementor-widget-html\" data-id=\"0f4b64f\" data-element_type=\"widget\" data-e-type=\"widget\" data-widget_type=\"html.default\">\n\t\t\t\t\t<div style=\"position:relative;padding-top:56.25%;\"><iframe src=\"https:\/\/iframe.mediadelivery.net\/embed\/151233\/251230fa-da96-4ba1-b61e-8a5cdcbff2bb?autoplay=false&amp;loop=false&amp;muted=false&amp;preload=true\" loading=\"lazy\" style=\"border:0;position:absolute;top:0;height:100%;width:100%;\" allow=\"accelerometer;gyroscope;autoplay;encrypted-media;picture-in-picture;\" allowfullscreen=\"true\"><\/iframe><\/div>\t\t\t\t<\/div>\n\t\t\t\t\t<\/div>\n\t\t<\/div>\n\t\t\t\t<div class=\"elementor-column elementor-col-33 elementor-inner-column elementor-element elementor-element-8ad0ba2\" data-id=\"8ad0ba2\" data-element_type=\"column\" data-e-type=\"column\">\n\t\t\t<div class=\"elementor-widget-wrap elementor-element-populated\">\n\t\t\t\t\t\t<div class=\"elementor-element elementor-element-9a46f20 elementor-widget elementor-widget-html\" data-id=\"9a46f20\" data-element_type=\"widget\" data-e-type=\"widget\" data-widget_type=\"html.default\">\n\t\t\t\t\t<div style=\"position:relative;padding-top:56.25%;\"><iframe src=\"https:\/\/iframe.mediadelivery.net\/embed\/151233\/d4bcda8a-62f0-4195-8e69-fbaa0425c4f8?autoplay=false&amp;loop=false&amp;muted=false&amp;preload=false&amp;responsive=true\" loading=\"lazy\" style=\"border:0;position:absolute;top:0;height:100%;width:100%;\" allow=\"accelerometer;gyroscope;autoplay;encrypted-media;picture-in-picture;\" allowfullscreen=\"true\"><\/iframe><\/div>\t\t\t\t<\/div>\n\t\t\t\t\t<\/div>\n\t\t<\/div>\n\t\t\t\t\t<\/div>\n\t\t<\/section>\n\t\t\t\t<section class=\"elementor-section elementor-inner-section elementor-element elementor-element-9e5b511 elementor-section-boxed elementor-section-height-default elementor-section-height-default\" data-id=\"9e5b511\" data-element_type=\"section\" data-e-type=\"section\">\n\t\t\t\t\t\t<div class=\"elementor-container elementor-column-gap-default\">\n\t\t\t\t\t<div class=\"elementor-column elementor-col-33 elementor-inner-column elementor-element elementor-element-dc50ad1\" data-id=\"dc50ad1\" data-element_type=\"column\" data-e-type=\"column\">\n\t\t\t<div class=\"elementor-widget-wrap elementor-element-populated\">\n\t\t\t\t\t\t<div class=\"elementor-element elementor-element-dd45873 elementor-widget elementor-widget-html\" data-id=\"dd45873\" data-element_type=\"widget\" data-e-type=\"widget\" data-widget_type=\"html.default\">\n\t\t\t\t\t<div style=\"position:relative;padding-top:56.25%;\"><iframe src=\"https:\/\/iframe.mediadelivery.net\/embed\/151233\/d9a645c1-7c79-4ec5-acc7-7629329d989e?autoplay=false&amp;loop=false&amp;muted=false&amp;preload=false&amp;responsive=true\" loading=\"lazy\" style=\"border:0;position:absolute;top:0;height:100%;width:100%;\" allow=\"accelerometer;gyroscope;autoplay;encrypted-media;picture-in-picture;\" allowfullscreen=\"true\"><\/iframe><\/div>\t\t\t\t<\/div>\n\t\t\t\t\t<\/div>\n\t\t<\/div>\n\t\t\t\t<div class=\"elementor-column elementor-col-33 elementor-inner-column elementor-element elementor-element-ff82adf\" data-id=\"ff82adf\" data-element_type=\"column\" data-e-type=\"column\">\n\t\t\t<div class=\"elementor-widget-wrap elementor-element-populated\">\n\t\t\t\t\t\t<div class=\"elementor-element elementor-element-7b7a54b elementor-widget elementor-widget-html\" data-id=\"7b7a54b\" data-element_type=\"widget\" data-e-type=\"widget\" data-widget_type=\"html.default\">\n\t\t\t\t\t<div style=\"position:relative;padding-top:56.25%;\"><iframe src=\"https:\/\/iframe.mediadelivery.net\/embed\/151233\/b23c08bd-65e7-4d10-8abb-d10faff3ccce?autoplay=false&amp;loop=false&amp;muted=false&amp;preload=false&amp;responsive=true\" loading=\"lazy\" style=\"border:0;position:absolute;top:0;height:100%;width:100%;\" allow=\"accelerometer;gyroscope;autoplay;encrypted-media;picture-in-picture;\" allowfullscreen=\"true\"><\/iframe><\/div>\t\t\t\t<\/div>\n\t\t\t\t\t<\/div>\n\t\t<\/div>\n\t\t\t\t<div class=\"elementor-column elementor-col-33 elementor-inner-column elementor-element elementor-element-9155edc\" data-id=\"9155edc\" data-element_type=\"column\" data-e-type=\"column\">\n\t\t\t<div class=\"elementor-widget-wrap elementor-element-populated\">\n\t\t\t\t\t\t<div class=\"elementor-element elementor-element-0a8f8a0 elementor-widget elementor-widget-html\" data-id=\"0a8f8a0\" data-element_type=\"widget\" data-e-type=\"widget\" data-widget_type=\"html.default\">\n\t\t\t\t\t<div style=\"position:relative;padding-top:56.25%;\"><iframe src=\"https:\/\/iframe.mediadelivery.net\/embed\/151233\/dd613f96-8918-4fae-9d3d-f80454a063a9?autoplay=false&amp;loop=false&amp;muted=true&amp;preload=true&amp;responsive=true\" loading=\"lazy\" style=\"border:0;position:absolute;top:0;height:100%;width:100%;\" allow=\"accelerometer;gyroscope;autoplay;encrypted-media;picture-in-picture;\" allowfullscreen=\"true\"><\/iframe><\/div>\t\t\t\t<\/div>\n\t\t\t\t\t<\/div>\n\t\t<\/div>\n\t\t\t\t\t<\/div>\n\t\t<\/section>\n\t\t\t\t<section class=\"elementor-section elementor-inner-section elementor-element elementor-element-caa9795 elementor-section-boxed elementor-section-height-default elementor-section-height-default\" data-id=\"caa9795\" data-element_type=\"section\" data-e-type=\"section\">\n\t\t\t\t\t\t<div class=\"elementor-container elementor-column-gap-default\">\n\t\t\t\t\t<div class=\"elementor-column elementor-col-33 elementor-inner-column elementor-element elementor-element-5e8f47e\" data-id=\"5e8f47e\" data-element_type=\"column\" data-e-type=\"column\">\n\t\t\t<div class=\"elementor-widget-wrap elementor-element-populated\">\n\t\t\t\t\t\t<div class=\"elementor-element elementor-element-e2bc92c elementor-widget elementor-widget-html\" data-id=\"e2bc92c\" data-element_type=\"widget\" data-e-type=\"widget\" data-widget_type=\"html.default\">\n\t\t\t\t\t<div style=\"position:relative;padding-top:56.25%;\"><iframe src=\"https:\/\/iframe.mediadelivery.net\/embed\/151233\/09104340-f8b3-4da4-9858-5ab219fea0aa?autoplay=false&amp;loop=false&amp;muted=true&amp;preload=true&amp;responsive=true\" loading=\"lazy\" style=\"border:0;position:absolute;top:0;height:100%;width:100%;\" allow=\"accelerometer;gyroscope;autoplay;encrypted-media;picture-in-picture;\" allowfullscreen=\"true\"><\/iframe><\/div>\t\t\t\t<\/div>\n\t\t\t\t\t<\/div>\n\t\t<\/div>\n\t\t\t\t<div class=\"elementor-column elementor-col-33 elementor-inner-column elementor-element elementor-element-fb68848\" data-id=\"fb68848\" data-element_type=\"column\" data-e-type=\"column\">\n\t\t\t<div class=\"elementor-widget-wrap elementor-element-populated\">\n\t\t\t\t\t\t<div class=\"elementor-element elementor-element-527501e elementor-widget elementor-widget-html\" data-id=\"527501e\" data-element_type=\"widget\" data-e-type=\"widget\" data-widget_type=\"html.default\">\n\t\t\t\t\t<div style=\"position:relative;padding-top:56.25%;\"><iframe src=\"https:\/\/iframe.mediadelivery.net\/embed\/151233\/19fdf507-8fb7-4e78-9b06-a422bd59ef69?autoplay=false&amp;loop=false&amp;muted=true&amp;preload=true&amp;responsive=true\" loading=\"lazy\" style=\"border:0;position:absolute;top:0;height:100%;width:100%;\" allow=\"accelerometer;gyroscope;autoplay;encrypted-media;picture-in-picture;\" allowfullscreen=\"true\"><\/iframe><\/div>\t\t\t\t<\/div>\n\t\t\t\t\t<\/div>\n\t\t<\/div>\n\t\t\t\t<div class=\"elementor-column elementor-col-33 elementor-inner-column elementor-element elementor-element-5fe419d\" data-id=\"5fe419d\" data-element_type=\"column\" data-e-type=\"column\">\n\t\t\t<div class=\"elementor-widget-wrap elementor-element-populated\">\n\t\t\t\t\t\t<div class=\"elementor-element elementor-element-429a63f elementor-widget elementor-widget-html\" data-id=\"429a63f\" data-element_type=\"widget\" data-e-type=\"widget\" data-widget_type=\"html.default\">\n\t\t\t\t\t<div style=\"position:relative;padding-top:56.25%;\"><iframe src=\"https:\/\/iframe.mediadelivery.net\/embed\/151233\/3dcb8b9e-7f19-4b65-8caf-142ea68829db?autoplay=false&amp;loop=false&amp;muted=true&amp;preload=true&amp;responsive=true\" loading=\"lazy\" style=\"border:0;position:absolute;top:0;height:100%;width:100%;\" allow=\"accelerometer;gyroscope;autoplay;encrypted-media;picture-in-picture;\" allowfullscreen=\"true\"><\/iframe><\/div>\t\t\t\t<\/div>\n\t\t\t\t\t<\/div>\n\t\t<\/div>\n\t\t\t\t\t<\/div>\n\t\t<\/section>\n\t\t\t\t<section class=\"elementor-section elementor-inner-section elementor-element elementor-element-3e9c219 elementor-section-boxed elementor-section-height-default elementor-section-height-default\" data-id=\"3e9c219\" data-element_type=\"section\" data-e-type=\"section\">\n\t\t\t\t\t\t<div class=\"elementor-container elementor-column-gap-default\">\n\t\t\t\t\t<div class=\"elementor-column elementor-col-33 elementor-inner-column elementor-element elementor-element-9831b15\" data-id=\"9831b15\" data-element_type=\"column\" data-e-type=\"column\">\n\t\t\t<div class=\"elementor-widget-wrap\">\n\t\t\t\t\t\t\t<\/div>\n\t\t<\/div>\n\t\t\t\t<div class=\"elementor-column elementor-col-33 elementor-inner-column elementor-element elementor-element-17d3fa0\" data-id=\"17d3fa0\" data-element_type=\"column\" data-e-type=\"column\">\n\t\t\t<div class=\"elementor-widget-wrap elementor-element-populated\">\n\t\t\t\t\t\t<div class=\"elementor-element elementor-element-2291a41 elementor-widget elementor-widget-html\" data-id=\"2291a41\" data-element_type=\"widget\" data-e-type=\"widget\" data-widget_type=\"html.default\">\n\t\t\t\t\t<div style=\"position:relative;padding-top:56.25%;\"><iframe src=\"https:\/\/iframe.mediadelivery.net\/embed\/151233\/06d7aec0-97d3-4864-b950-639b3a5bb478?autoplay=false&amp;loop=false&amp;muted=true&amp;preload=true&amp;responsive=true\" loading=\"lazy\" style=\"border:0;position:absolute;top:0;height:100%;width:100%;\" allow=\"accelerometer;gyroscope;autoplay;encrypted-media;picture-in-picture;\" allowfullscreen=\"true\"><\/iframe><\/div>\t\t\t\t<\/div>\n\t\t\t\t\t<\/div>\n\t\t<\/div>\n\t\t\t\t<div class=\"elementor-column elementor-col-33 elementor-inner-column elementor-element elementor-element-9a745fb\" data-id=\"9a745fb\" data-element_type=\"column\" data-e-type=\"column\">\n\t\t\t<div class=\"elementor-widget-wrap\">\n\t\t\t\t\t\t\t<\/div>\n\t\t<\/div>\n\t\t\t\t\t<\/div>\n\t\t<\/section>\n\t\t\t\t\t<\/div>\n\t\t<\/div>\n\t\t\t\t\t<\/div>\n\t\t<\/section>\n\t\t\t\t<section class=\"elementor-section elementor-top-section elementor-element elementor-element-97e596b elementor-section-boxed elementor-section-height-default elementor-section-height-default\" data-id=\"97e596b\" data-element_type=\"section\" data-e-type=\"section\">\n\t\t\t\t\t\t<div class=\"elementor-container elementor-column-gap-default\">\n\t\t\t\t\t<div class=\"elementor-column elementor-col-100 elementor-top-column elementor-element elementor-element-3bb2134\" data-id=\"3bb2134\" data-element_type=\"column\" data-e-type=\"column\">\n\t\t\t<div class=\"elementor-widget-wrap elementor-element-populated\">\n\t\t\t\t\t\t<div class=\"elementor-element elementor-element-58df645 elementor-widget elementor-widget-shortcode\" data-id=\"58df645\" data-element_type=\"widget\" data-e-type=\"widget\" data-widget_type=\"shortcode.default\">\n\t\t\t\t\t\t\t<div class=\"elementor-shortcode\"><\/div>\n\t\t\t\t\t\t<\/div>\n\t\t\t\t\t<\/div>\n\t\t<\/div>\n\t\t\t\t\t<\/div>\n\t\t<\/section>\n\t\t\t\t<\/div>\n\t\t","protected":false},"excerpt":{"rendered":"<p>Histoires vraies de r\u00e9ussite avec Earnest Immigration Chez Earnest Immigration, notre mission est de faire du r\u00eave de vivre au Canada une r\u00e9alit\u00e9. Mais ne vous contentez pas de nous croire sur parole. \u00c9coutez directement nos pr\u00e9cieux clients parler de leur exp\u00e9rience de travail avec nous.<\/p>\n","protected":false},"author":1,"featured_media":13748,"parent":0,"menu_order":0,"comment_status":"closed","ping_status":"closed","template":"elementor_header_footer","meta":{"_acf_changed":false,"iawp_total_views":9,"footnotes":""},"pagecategory":[],"class_list":["post-14354","page","type-page","status-publish","has-post-thumbnail","hentry"],"acf":[],"_links":{"self":[{"href":"https:\/\/earnest.xenrion.net\/fr\/wp-json\/wp\/v2\/pages\/14354","targetHints":{"allow":["GET"]}}],"collection":[{"href":"https:\/\/earnest.xenrion.net\/fr\/wp-json\/wp\/v2\/pages"}],"about":[{"href":"https:\/\/earnest.xenrion.net\/fr\/wp-json\/wp\/v2\/types\/page"}],"author":[{"embeddable":true,"href":"https:\/\/earnest.xenrion.net\/fr\/wp-json\/wp\/v2\/users\/1"}],"replies":[{"embeddable":true,"href":"https:\/\/earnest.xenrion.net\/fr\/wp-json\/wp\/v2\/comments?post=14354"}],"version-history":[{"count":0,"href":"https:\/\/earnest.xenrion.net\/fr\/wp-json\/wp\/v2\/pages\/14354\/revisions"}],"wp:featuredmedia":[{"embeddable":true,"href":"https:\/\/earnest.xenrion.net\/fr\/wp-json\/wp\/v2\/media\/13748"}],"wp:attachment":[{"href":"https:\/\/earnest.xenrion.net\/fr\/wp-json\/wp\/v2\/media?parent=14354"}],"wp:term":[{"taxonomy":"pagecategory","embeddable":true,"href":"https:\/\/earnest.xenrion.net\/fr\/wp-json\/wp\/v2\/pagecategory?post=14354"}],"curies":[{"name":"wp","href":"https:\/\/api.w.org\/{rel}","templated":true}]}}